{"id":10,"date":"2025-05-16T12:49:33","date_gmt":"2025-05-16T10:49:33","guid":{"rendered":"https:\/\/techno-bud.com\/?page_id=10"},"modified":"2025-10-28T07:58:36","modified_gmt":"2025-10-28T06:58:36","slug":"strona-glowna","status":"publish","type":"page","link":"https:\/\/techno-bud.com\/","title":{"rendered":"strona g\u0142\u00f3wna"},"content":{"rendered":"\t\t<div data-elementor-type=\"wp-page\" data-elementor-id=\"10\" class=\"elementor elementor-10\" data-elementor-post-type=\"page\">\n\t\t\t\t<div class=\"elementor-element elementor-element-78b0435 e-con-full e-flex e-con e-parent\" data-id=\"78b0435\" data-element_type=\"container\" data-settings=\"{&quot;background_background&quot;:&quot;classic&quot;}\">\n\t\t<div class=\"elementor-element elementor-element-75eff1d e-con-full e-flex e-con e-child\" data-id=\"75eff1d\" data-element_type=\"container\">\n\t\t\t\t<div class=\"elementor-element elementor-element-2d99cbc elementor-widget elementor-widget-heading\" data-id=\"2d99cbc\" data-element_type=\"widget\" data-widget_type=\"heading.default\">\n\t\t\t\t<div class=\"elementor-widget-container\">\n\t\t\t\t\t<h2 class=\"elementor-heading-title elementor-size-default\">Przewierty <br>sterowane HDD<\/h2>\t\t\t\t<\/div>\n\t\t\t\t<\/div>\n\t\t\t\t<div class=\"elementor-element elementor-element-8dcd5e7 elementor-widget elementor-widget-text-editor\" data-id=\"8dcd5e7\" data-element_type=\"widget\" data-widget_type=\"text-editor.default\">\n\t\t\t\t<div class=\"elementor-widget-container\">\n\t\t\t\t\t\t\t\t\t<p>Specjalizujemy si\u0119 w budowie kana\u0142\u00f3w technologicznych i wykonawstwie przekrocze\u0144 bezwykopowych w r\u00f3\u017cnych terenach od zurbanizowanych do przekrocze\u0144 rzek.<\/p><div id=\"urban-overlay\" style=\"left: -10px; top: -10px; width: 0px; height: 0px;\">\u00a0<\/div><div id=\"urban-overlay\" style=\"left: -10px; top: -10px; width: 0px; height: 0px;\">\u00a0<\/div><div id=\"urban-overlay\" style=\"left: -10px; top: -10px; width: 0px; height: 0px;\">\u00a0<\/div><div id=\"urban-overlay\">\u00a0<\/div><div id=\"urban-overlay\" style=\"left: -10px; top: -10px; width: 0px; height: 0px;\">\u00a0<\/div><div id=\"urban-overlay\" style=\"left: -10px; top: -10px; width: 0px; height: 0px;\">\u00a0<\/div><div id=\"urban-overlay\" style=\"left: -10px; top: -10px; width: 0px; height: 0px;\">\u00a0<\/div><div id=\"urban-overlay\" style=\"left: -10px; top: -10px; width: 0px; height: 0px;\">\u00a0<\/div>\t\t\t\t\t\t\t\t<\/div>\n\t\t\t\t<\/div>\n\t\t\t\t<div class=\"elementor-element elementor-element-48da162 elementor-mobile-align-center elementor-widget elementor-widget-button\" data-id=\"48da162\" data-element_type=\"widget\" data-widget_type=\"button.default\">\n\t\t\t\t<div class=\"elementor-widget-container\">\n\t\t\t\t\t\t\t\t\t<div class=\"elementor-button-wrapper\">\n\t\t\t\t\t<a class=\"elementor-button elementor-button-link elementor-size-sm\" href=\"https:\/\/techno-bud.com\/?page_id=61\">\n\t\t\t\t\t\t<span class=\"elementor-button-content-wrapper\">\n\t\t\t\t\t\t\t\t\t<span class=\"elementor-button-text\">REALIZACJE<\/span>\n\t\t\t\t\t<\/span>\n\t\t\t\t\t<\/a>\n\t\t\t\t<\/div>\n\t\t\t\t\t\t\t\t<\/div>\n\t\t\t\t<\/div>\n\t\t\t\t<\/div>\n\t\t<div class=\"elementor-element elementor-element-0efe6de e-con-full e-flex e-con e-child\" data-id=\"0efe6de\" data-element_type=\"container\">\n\t\t\t\t<div class=\"elementor-element elementor-element-47c512b elementor-widget elementor-widget-image\" data-id=\"47c512b\" data-element_type=\"widget\" data-widget_type=\"image.default\">\n\t\t\t\t<div class=\"elementor-widget-container\">\n\t\t\t\t\t\t\t\t\t\t\t\t\t\t\t<img fetchpriority=\"high\" decoding=\"async\" width=\"985\" height=\"672\" src=\"https:\/\/techno-bud.com\/wp-content\/uploads\/2025\/05\/MT17_Slider-kopia-1.png\" class=\"attachment-full size-full wp-image-128\" alt=\"\" srcset=\"https:\/\/techno-bud.com\/wp-content\/uploads\/2025\/05\/MT17_Slider-kopia-1.png 985w, https:\/\/techno-bud.com\/wp-content\/uploads\/2025\/05\/MT17_Slider-kopia-1-300x205.png 300w, https:\/\/techno-bud.com\/wp-content\/uploads\/2025\/05\/MT17_Slider-kopia-1-768x524.png 768w\" sizes=\"(max-width: 985px) 100vw, 985px\" \/>\t\t\t\t\t\t\t\t\t\t\t\t\t\t\t<\/div>\n\t\t\t\t<\/div>\n\t\t\t\t<\/div>\n\t\t\t\t<\/div>\n\t\t<div class=\"elementor-element elementor-element-830ddf0 e-flex e-con-boxed e-con e-parent\" data-id=\"830ddf0\" data-element_type=\"container\">\n\t\t\t\t\t<div class=\"e-con-inner\">\n\t\t<div class=\"elementor-element elementor-element-653550f e-con-full e-flex e-con e-child\" data-id=\"653550f\" data-element_type=\"container\">\n\t\t\t\t<div class=\"elementor-element elementor-element-2817e1f elementor-widget elementor-widget-heading\" data-id=\"2817e1f\" data-element_type=\"widget\" data-widget_type=\"heading.default\">\n\t\t\t\t<div class=\"elementor-widget-container\">\n\t\t\t\t\t<h2 class=\"elementor-heading-title elementor-size-default\">POZNAJ NAS<\/h2>\t\t\t\t<\/div>\n\t\t\t\t<\/div>\n\t\t\t\t<div class=\"elementor-element elementor-element-eecedcc elementor-widget elementor-widget-heading\" data-id=\"eecedcc\" data-element_type=\"widget\" data-widget_type=\"heading.default\">\n\t\t\t\t<div class=\"elementor-widget-container\">\n\t\t\t\t\t<h2 class=\"elementor-heading-title elementor-size-default\">Czym si\u0119\nzajmujemy?<\/h2>\t\t\t\t<\/div>\n\t\t\t\t<\/div>\n\t\t\t\t<div class=\"elementor-element elementor-element-020d875 elementor-widget elementor-widget-text-editor\" data-id=\"020d875\" data-element_type=\"widget\" data-widget_type=\"text-editor.default\">\n\t\t\t\t<div class=\"elementor-widget-container\">\n\t\t\t\t\t\t\t\t\t<p>Firma dzia\u0142a na rynku nieprzerwalnie od 2011 roku. W tym czasie zrealizowali\u015bmy ponad 500 km przewiert\u00f3w <br \/>horyzontalnych-HDD, ok. 80 km linii energetycznych <br \/>\u015bredniego napi\u0119cia, ponad 350 km sieci <br \/>telekomunikacyjnych.<\/p><div id=\"urban-overlay\" style=\"left: -10px; top: -10px; width: 0px; height: 0px;\">\u00a0<\/div><div id=\"urban-overlay\" style=\"left: -10px; top: -10px; width: 0px; height: 0px;\">\u00a0<\/div><div id=\"urban-overlay\" style=\"left: -10px; top: -10px; width: 0px; height: 0px;\">\u00a0<\/div><div id=\"urban-overlay\">\u00a0<\/div>\t\t\t\t\t\t\t\t<\/div>\n\t\t\t\t<\/div>\n\t\t\t\t<\/div>\n\t\t<div class=\"elementor-element elementor-element-9e8ea4f e-con-full e-flex e-con e-child\" data-id=\"9e8ea4f\" data-element_type=\"container\">\n\t\t\t\t<div class=\"elementor-element elementor-element-fb6583d elementor-widget elementor-widget-image\" data-id=\"fb6583d\" data-element_type=\"widget\" data-widget_type=\"image.default\">\n\t\t\t\t<div class=\"elementor-widget-container\">\n\t\t\t\t\t\t\t\t\t\t\t\t\t\t\t<img decoding=\"async\" width=\"666\" height=\"704\" src=\"https:\/\/techno-bud.com\/wp-content\/uploads\/2025\/05\/fotka-7.png\" class=\"attachment-large size-large wp-image-13\" alt=\"\" srcset=\"https:\/\/techno-bud.com\/wp-content\/uploads\/2025\/05\/fotka-7.png 666w, https:\/\/techno-bud.com\/wp-content\/uploads\/2025\/05\/fotka-7-284x300.png 284w\" sizes=\"(max-width: 666px) 100vw, 666px\" \/>\t\t\t\t\t\t\t\t\t\t\t\t\t\t\t<\/div>\n\t\t\t\t<\/div>\n\t\t\t\t<\/div>\n\t\t\t\t\t<\/div>\n\t\t\t\t<\/div>\n\t\t<div class=\"elementor-element elementor-element-4dab4d6 e-con-full e-flex e-con e-parent\" data-id=\"4dab4d6\" data-element_type=\"container\" data-settings=\"{&quot;background_background&quot;:&quot;classic&quot;}\">\n\t\t\t\t<div class=\"elementor-element elementor-element-97235ed elementor-widget elementor-widget-heading\" data-id=\"97235ed\" data-element_type=\"widget\" data-widget_type=\"heading.default\">\n\t\t\t\t<div class=\"elementor-widget-container\">\n\t\t\t\t\t<h2 class=\"elementor-heading-title elementor-size-default\">GDZIE PRACUJEMY?<\/h2>\t\t\t\t<\/div>\n\t\t\t\t<\/div>\n\t\t\t\t<div class=\"elementor-element elementor-element-051c639 elementor-widget elementor-widget-heading\" data-id=\"051c639\" data-element_type=\"widget\" data-widget_type=\"heading.default\">\n\t\t\t\t<div class=\"elementor-widget-container\">\n\t\t\t\t\t<h2 class=\"elementor-heading-title elementor-size-default\">Obszary dzia\u0142ania<\/h2>\t\t\t\t<\/div>\n\t\t\t\t<\/div>\n\t\t\t\t<\/div>\n\t\t<div class=\"elementor-element elementor-element-6422a18 e-con-full e-flex e-con e-parent\" data-id=\"6422a18\" data-element_type=\"container\" data-settings=\"{&quot;background_background&quot;:&quot;classic&quot;}\">\n\t\t<div class=\"elementor-element elementor-element-0436db9 e-con-full e-flex e-con e-child\" data-id=\"0436db9\" data-element_type=\"container\">\n\t\t\t\t<div class=\"elementor-element elementor-element-eccab7a elementor-widget elementor-widget-image\" data-id=\"eccab7a\" data-element_type=\"widget\" data-widget_type=\"image.default\">\n\t\t\t\t<div class=\"elementor-widget-container\">\n\t\t\t\t\t\t\t\t\t\t\t\t\t\t\t<img decoding=\"async\" width=\"388\" height=\"460\" src=\"https:\/\/techno-bud.com\/wp-content\/uploads\/2025\/05\/1.png\" class=\"attachment-large size-large wp-image-21\" alt=\"\" srcset=\"https:\/\/techno-bud.com\/wp-content\/uploads\/2025\/05\/1.png 388w, https:\/\/techno-bud.com\/wp-content\/uploads\/2025\/05\/1-253x300.png 253w\" sizes=\"(max-width: 388px) 100vw, 388px\" \/>\t\t\t\t\t\t\t\t\t\t\t\t\t\t\t<\/div>\n\t\t\t\t<\/div>\n\t\t\t\t<\/div>\n\t\t<div class=\"elementor-element elementor-element-3729c32 e-con-full e-flex e-con e-child\" data-id=\"3729c32\" data-element_type=\"container\">\n\t\t\t\t<div class=\"elementor-element elementor-element-ee4f87a elementor-widget elementor-widget-image\" data-id=\"ee4f87a\" data-element_type=\"widget\" data-widget_type=\"image.default\">\n\t\t\t\t<div class=\"elementor-widget-container\">\n\t\t\t\t\t\t\t\t\t\t\t\t\t\t\t<img loading=\"lazy\" decoding=\"async\" width=\"388\" height=\"460\" src=\"https:\/\/techno-bud.com\/wp-content\/uploads\/2025\/05\/2.png\" class=\"attachment-large size-large wp-image-22\" alt=\"\" srcset=\"https:\/\/techno-bud.com\/wp-content\/uploads\/2025\/05\/2.png 388w, https:\/\/techno-bud.com\/wp-content\/uploads\/2025\/05\/2-253x300.png 253w\" sizes=\"(max-width: 388px) 100vw, 388px\" \/>\t\t\t\t\t\t\t\t\t\t\t\t\t\t\t<\/div>\n\t\t\t\t<\/div>\n\t\t\t\t<\/div>\n\t\t<div class=\"elementor-element elementor-element-d414af2 e-con-full e-flex e-con e-child\" data-id=\"d414af2\" data-element_type=\"container\">\n\t\t\t\t<div class=\"elementor-element elementor-element-8b5062a elementor-widget elementor-widget-image\" data-id=\"8b5062a\" data-element_type=\"widget\" data-widget_type=\"image.default\">\n\t\t\t\t<div class=\"elementor-widget-container\">\n\t\t\t\t\t\t\t\t\t\t\t\t\t\t\t<img loading=\"lazy\" decoding=\"async\" width=\"388\" height=\"460\" src=\"https:\/\/techno-bud.com\/wp-content\/uploads\/2025\/05\/3-1.png\" class=\"attachment-large size-large wp-image-162\" alt=\"\" srcset=\"https:\/\/techno-bud.com\/wp-content\/uploads\/2025\/05\/3-1.png 388w, https:\/\/techno-bud.com\/wp-content\/uploads\/2025\/05\/3-1-253x300.png 253w\" sizes=\"(max-width: 388px) 100vw, 388px\" \/>\t\t\t\t\t\t\t\t\t\t\t\t\t\t\t<\/div>\n\t\t\t\t<\/div>\n\t\t\t\t<\/div>\n\t\t<div class=\"elementor-element elementor-element-aa72210 e-con-full e-flex e-con e-child\" data-id=\"aa72210\" data-element_type=\"container\">\n\t\t\t\t<div class=\"elementor-element elementor-element-3b7c8f3 elementor-widget elementor-widget-image\" data-id=\"3b7c8f3\" data-element_type=\"widget\" data-widget_type=\"image.default\">\n\t\t\t\t<div class=\"elementor-widget-container\">\n\t\t\t\t\t\t\t\t\t\t\t\t\t\t\t<img loading=\"lazy\" decoding=\"async\" width=\"388\" height=\"460\" src=\"https:\/\/techno-bud.com\/wp-content\/uploads\/2025\/05\/4-1.png\" class=\"attachment-large size-large wp-image-191\" alt=\"\" srcset=\"https:\/\/techno-bud.com\/wp-content\/uploads\/2025\/05\/4-1.png 388w, https:\/\/techno-bud.com\/wp-content\/uploads\/2025\/05\/4-1-253x300.png 253w\" sizes=\"(max-width: 388px) 100vw, 388px\" \/>\t\t\t\t\t\t\t\t\t\t\t\t\t\t\t<\/div>\n\t\t\t\t<\/div>\n\t\t\t\t<\/div>\n\t\t\t\t<\/div>\n\t\t<div class=\"elementor-element elementor-element-0d4d166 e-con-full e-flex e-con e-parent\" data-id=\"0d4d166\" data-element_type=\"container\">\n\t\t\t\t<div class=\"elementor-element elementor-element-058f9aa elementor-widget__width-inherit elementor-widget elementor-widget-image\" data-id=\"058f9aa\" data-element_type=\"widget\" data-widget_type=\"image.default\">\n\t\t\t\t<div class=\"elementor-widget-container\">\n\t\t\t\t\t\t\t\t\t\t\t\t\t\t\t<img loading=\"lazy\" decoding=\"async\" width=\"1920\" height=\"392\" src=\"https:\/\/techno-bud.com\/wp-content\/uploads\/2025\/05\/fotka-8.png\" class=\"attachment-full size-full wp-image-32\" alt=\"\" srcset=\"https:\/\/techno-bud.com\/wp-content\/uploads\/2025\/05\/fotka-8.png 1920w, https:\/\/techno-bud.com\/wp-content\/uploads\/2025\/05\/fotka-8-300x61.png 300w, https:\/\/techno-bud.com\/wp-content\/uploads\/2025\/05\/fotka-8-1024x209.png 1024w, https:\/\/techno-bud.com\/wp-content\/uploads\/2025\/05\/fotka-8-768x157.png 768w, https:\/\/techno-bud.com\/wp-content\/uploads\/2025\/05\/fotka-8-1536x314.png 1536w\" sizes=\"(max-width: 1920px) 100vw, 1920px\" \/>\t\t\t\t\t\t\t\t\t\t\t\t\t\t\t<\/div>\n\t\t\t\t<\/div>\n\t\t\t\t<\/div>\n\t\t<div class=\"elementor-element elementor-element-74b912f e-flex e-con-boxed e-con e-parent\" data-id=\"74b912f\" data-element_type=\"container\">\n\t\t\t\t\t<div class=\"e-con-inner\">\n\t\t\t\t<div class=\"elementor-element elementor-element-4abfb7f elementor-widget elementor-widget-heading\" data-id=\"4abfb7f\" data-element_type=\"widget\" data-widget_type=\"heading.default\">\n\t\t\t\t<div class=\"elementor-widget-container\">\n\t\t\t\t\t<h2 class=\"elementor-heading-title elementor-size-default\">REALIZACJE<\/h2>\t\t\t\t<\/div>\n\t\t\t\t<\/div>\n\t\t\t\t<div class=\"elementor-element elementor-element-a373430 elementor-widget elementor-widget-heading\" data-id=\"a373430\" data-element_type=\"widget\" data-widget_type=\"heading.default\">\n\t\t\t\t<div class=\"elementor-widget-container\">\n\t\t\t\t\t<h2 class=\"elementor-heading-title elementor-size-default\">Wdra\u017camy rozwi\u0105zania\nzgodne z najnowszymi\ntrendami.\u00a0<\/h2>\t\t\t\t<\/div>\n\t\t\t\t<\/div>\n\t\t\t\t\t<\/div>\n\t\t\t\t<\/div>\n\t\t<div class=\"elementor-element elementor-element-c1f1ba8 e-flex e-con-boxed e-con e-parent\" data-id=\"c1f1ba8\" data-element_type=\"container\">\n\t\t\t\t\t<div class=\"e-con-inner\">\n\t\t<div class=\"elementor-element elementor-element-dde393e e-con-full e-flex e-con e-child\" data-id=\"dde393e\" data-element_type=\"container\">\n\t\t\t\t<div class=\"elementor-element elementor-element-c9da9f4 elementor-widget elementor-widget-image\" data-id=\"c9da9f4\" data-element_type=\"widget\" data-widget_type=\"image.default\">\n\t\t\t\t<div class=\"elementor-widget-container\">\n\t\t\t\t\t\t\t\t\t\t\t\t\t\t\t<img loading=\"lazy\" decoding=\"async\" width=\"527\" height=\"809\" src=\"https:\/\/techno-bud.com\/wp-content\/uploads\/2025\/05\/realizacja-1.png\" class=\"attachment-large size-large wp-image-70\" alt=\"\" srcset=\"https:\/\/techno-bud.com\/wp-content\/uploads\/2025\/05\/realizacja-1.png 527w, https:\/\/techno-bud.com\/wp-content\/uploads\/2025\/05\/realizacja-1-195x300.png 195w\" sizes=\"(max-width: 527px) 100vw, 527px\" \/>\t\t\t\t\t\t\t\t\t\t\t\t\t\t\t<\/div>\n\t\t\t\t<\/div>\n\t\t\t\t<\/div>\n\t\t<div class=\"elementor-element elementor-element-697b98e e-con-full e-flex e-con e-child\" data-id=\"697b98e\" data-element_type=\"container\">\n\t\t\t\t<div class=\"elementor-element elementor-element-15c7581 elementor-widget elementor-widget-image\" data-id=\"15c7581\" data-element_type=\"widget\" data-widget_type=\"image.default\">\n\t\t\t\t<div class=\"elementor-widget-container\">\n\t\t\t\t\t\t\t\t\t\t\t\t\t\t\t<img loading=\"lazy\" decoding=\"async\" width=\"527\" height=\"809\" src=\"https:\/\/techno-bud.com\/wp-content\/uploads\/2025\/05\/realizacja-2.png\" class=\"attachment-large size-large wp-image-71\" alt=\"\" srcset=\"https:\/\/techno-bud.com\/wp-content\/uploads\/2025\/05\/realizacja-2.png 527w, https:\/\/techno-bud.com\/wp-content\/uploads\/2025\/05\/realizacja-2-195x300.png 195w\" sizes=\"(max-width: 527px) 100vw, 527px\" \/>\t\t\t\t\t\t\t\t\t\t\t\t\t\t\t<\/div>\n\t\t\t\t<\/div>\n\t\t\t\t<\/div>\n\t\t<div class=\"elementor-element elementor-element-e4f7699 e-con-full e-flex e-con e-child\" data-id=\"e4f7699\" data-element_type=\"container\">\n\t\t\t\t<div class=\"elementor-element elementor-element-79c545c elementor-widget elementor-widget-image\" data-id=\"79c545c\" data-element_type=\"widget\" data-widget_type=\"image.default\">\n\t\t\t\t<div class=\"elementor-widget-container\">\n\t\t\t\t\t\t\t\t\t\t\t\t\t\t\t<img loading=\"lazy\" decoding=\"async\" width=\"527\" height=\"809\" src=\"https:\/\/techno-bud.com\/wp-content\/uploads\/2025\/05\/realizacja-3.png\" class=\"attachment-large size-large wp-image-72\" alt=\"\" srcset=\"https:\/\/techno-bud.com\/wp-content\/uploads\/2025\/05\/realizacja-3.png 527w, https:\/\/techno-bud.com\/wp-content\/uploads\/2025\/05\/realizacja-3-195x300.png 195w\" sizes=\"(max-width: 527px) 100vw, 527px\" \/>\t\t\t\t\t\t\t\t\t\t\t\t\t\t\t<\/div>\n\t\t\t\t<\/div>\n\t\t\t\t<\/div>\n\t\t\t\t\t<\/div>\n\t\t\t\t<\/div>\n\t\t<div class=\"elementor-element elementor-element-6b12f51 e-flex e-con-boxed e-con e-parent\" data-id=\"6b12f51\" data-element_type=\"container\">\n\t\t\t\t\t<div class=\"e-con-inner\">\n\t\t\t\t<div class=\"elementor-element elementor-element-326ab22 elementor-widget elementor-widget-image\" data-id=\"326ab22\" data-element_type=\"widget\" data-widget_type=\"image.default\">\n\t\t\t\t<div class=\"elementor-widget-container\">\n\t\t\t\t\t\t\t\t\t\t\t\t\t\t\t\t<a href=\"https:\/\/techno-bud.com\/?page_id=61\">\n\t\t\t\t\t\t\t<img loading=\"lazy\" decoding=\"async\" width=\"364\" height=\"63\" src=\"https:\/\/techno-bud.com\/wp-content\/uploads\/2025\/05\/button.png\" class=\"attachment-full size-full wp-image-76\" alt=\"\" srcset=\"https:\/\/techno-bud.com\/wp-content\/uploads\/2025\/05\/button.png 364w, https:\/\/techno-bud.com\/wp-content\/uploads\/2025\/05\/button-300x52.png 300w\" sizes=\"(max-width: 364px) 100vw, 364px\" \/>\t\t\t\t\t\t\t\t<\/a>\n\t\t\t\t\t\t\t\t\t\t\t\t\t\t\t<\/div>\n\t\t\t\t<\/div>\n\t\t\t\t\t<\/div>\n\t\t\t\t<\/div>\n\t\t<div class=\"elementor-element elementor-element-9ed3121 e-flex e-con-boxed e-con e-parent\" data-id=\"9ed3121\" data-element_type=\"container\">\n\t\t\t\t\t<div class=\"e-con-inner\">\n\t\t\t\t<div class=\"elementor-element elementor-element-6ab63f1 elementor-widget elementor-widget-heading\" data-id=\"6ab63f1\" data-element_type=\"widget\" data-widget_type=\"heading.default\">\n\t\t\t\t<div class=\"elementor-widget-container\">\n\t\t\t\t\t<h2 class=\"elementor-heading-title elementor-size-default\">WSP\u00d3\u0141PRACA<\/h2>\t\t\t\t<\/div>\n\t\t\t\t<\/div>\n\t\t\t\t<div class=\"elementor-element elementor-element-418310d elementor-widget elementor-widget-heading\" data-id=\"418310d\" data-element_type=\"widget\" data-widget_type=\"heading.default\">\n\t\t\t\t<div class=\"elementor-widget-container\">\n\t\t\t\t\t<h2 class=\"elementor-heading-title elementor-size-default\">Firmy, kt\u00f3re nam zaufa\u0142y.\u00a0<\/h2>\t\t\t\t<\/div>\n\t\t\t\t<\/div>\n\t\t\t\t\t<\/div>\n\t\t\t\t<\/div>\n\t\t\t\t<\/div>\n\t\t","protected":false},"excerpt":{"rendered":"<p>Przewierty sterowane HDD Specjalizujemy si\u0119 w budowie kana\u0142\u00f3w technologicznych i wykonawstwie przekrocze\u0144 bezwykopowych w r\u00f3\u017cnych terenach od zurbanizowanych do przekrocze\u0144 rzek. \u00a0\u00a0\u00a0\u00a0\u00a0\u00a0\u00a0\u00a0 REALIZACJE POZNAJ NAS Czym si\u0119 zajmujemy? Firma dzia\u0142a na rynku nieprzerwalnie od 2011 roku. W tym czasie zrealizowali\u015bmy ponad 500 km przewiert\u00f3w horyzontalnych-HDD, ok. 80 km linii energetycznych \u015bredniego napi\u0119cia, ponad 350 km [&hellip;]<\/p>\n","protected":false},"author":1,"featured_media":0,"parent":0,"menu_order":0,"comment_status":"closed","ping_status":"closed","template":"","meta":{"footnotes":""},"class_list":["post-10","page","type-page","status-publish","hentry"],"_links":{"self":[{"href":"https:\/\/techno-bud.com\/index.php?rest_route=\/wp\/v2\/pages\/10","targetHints":{"allow":["GET"]}}],"collection":[{"href":"https:\/\/techno-bud.com\/index.php?rest_route=\/wp\/v2\/pages"}],"about":[{"href":"https:\/\/techno-bud.com\/index.php?rest_route=\/wp\/v2\/types\/page"}],"author":[{"embeddable":true,"href":"https:\/\/techno-bud.com\/index.php?rest_route=\/wp\/v2\/users\/1"}],"replies":[{"embeddable":true,"href":"https:\/\/techno-bud.com\/index.php?rest_route=%2Fwp%2Fv2%2Fcomments&post=10"}],"version-history":[{"count":106,"href":"https:\/\/techno-bud.com\/index.php?rest_route=\/wp\/v2\/pages\/10\/revisions"}],"predecessor-version":[{"id":354,"href":"https:\/\/techno-bud.com\/index.php?rest_route=\/wp\/v2\/pages\/10\/revisions\/354"}],"wp:attachment":[{"href":"https:\/\/techno-bud.com\/index.php?rest_route=%2Fwp%2Fv2%2Fmedia&parent=10"}],"curies":[{"name":"wp","href":"https:\/\/api.w.org\/{rel}","templated":true}]}}