{"id":3,"date":"2025-05-15T21:23:06","date_gmt":"2025-05-15T19:23:06","guid":{"rendered":"http:\/\/techno-bud.com\/?page_id=3"},"modified":"2026-02-12T14:42:08","modified_gmt":"2026-02-12T13:42:08","slug":"polityka-prywatnosci","status":"publish","type":"page","link":"https:\/\/techno-bud.com\/?page_id=3","title":{"rendered":"Polityka prywatno\u015bci"},"content":{"rendered":"\t\t<div data-elementor-type=\"wp-page\" data-elementor-id=\"3\" class=\"elementor elementor-3\" data-elementor-post-type=\"page\">\n\t\t\t\t<div class=\"elementor-element elementor-element-74da0433 e-flex e-con-boxed e-con e-parent\" data-id=\"74da0433\" data-element_type=\"container\">\n\t\t\t\t\t<div class=\"e-con-inner\">\n\t\t\t\t<div class=\"elementor-element elementor-element-231733b6 elementor-widget elementor-widget-text-editor\" data-id=\"231733b6\" data-element_type=\"widget\" data-widget_type=\"text-editor.default\">\n\t\t\t\t<div class=\"elementor-widget-container\">\n\t\t\t\t\t\t\t\t\t<div class=\"elementor-element elementor-element-171316e elementor-widget elementor-widget-heading\" data-id=\"171316e\" data-element_type=\"widget\" data-widget_type=\"heading.default\">\n<div class=\"elementor-widget-container\">\n<h2 class=\"elementor-heading-title elementor-size-default\"><a href=\"https:\/\/techno-bud.com\/?page_id=3\">POLITYKA PRYWATNO\u015aCI<\/a><\/h2>\n<\/div>\n<\/div>\n<div class=\"elementor-element elementor-element-323834c elementor-widget elementor-widget-text-editor\" data-id=\"323834c\" data-element_type=\"widget\" data-widget_type=\"text-editor.default\">\n<div class=\"elementor-widget-container\">\n<p>Niniejsz\u0105 Polityk\u0119 Prywatno\u015bci przedstawiamy, aby poinformowa\u0107 U\u017cytkownik\u00f3w naszej strony o&nbsp;tym, jakie dane osobowe zbieramy, w&nbsp;jaki spos\u00f3b i&nbsp;w&nbsp;jakim celu odbywa si\u0119 ten proces, a&nbsp;tak\u017ce o&nbsp;wykorzystywaniu przez&nbsp;nasz\u0105 stron\u0119 plik\u00f3w cookies.<\/p>\n<\/div>\n<\/div>\n<div class=\"elementor-element elementor-element-cf3b27d elementor-widget elementor-widget-text-editor\" data-id=\"cf3b27d\" data-element_type=\"widget\" data-widget_type=\"text-editor.default\">\n<div class=\"elementor-widget-container\">\n<h4 class=\"p1\"><strong>Drogi U\u017cytkowniku!<\/strong><\/h4>\n<p class=\"p1\">Korzystaj\u0105c z&nbsp;naszej strony masz zapewnion\u0105 ochron\u0119 prywatno\u015bci na&nbsp;poziomie odpowiadaj\u0105cym standardom okre\u015blonym w&nbsp;przepisach powszechnie obowi\u0105zuj\u0105cego prawa, w&nbsp;tym szczeg\u00f3lno\u015bci w:<\/p>\n<ul>\n<li>\n<ul class=\"ul1\">\n<li class=\"li1\">Rozporz\u0105dzeniu Parlamentu Europejskiego i&nbsp;Rady (UE) 2016\/679 z&nbsp;dnia 27 kwietnia 2016&nbsp;r. w&nbsp;sprawie ochrony os\u00f3b fizycznych w&nbsp;zwi\u0105zku z&nbsp;przetwarzaniem danych osobowych i&nbsp;w&nbsp;sprawie swobodnego przep\u0142ywu takich danych oraz&nbsp;uchylenia dyrektywy 95\/46\/WE (dalej: RODO);<\/li>\n<li class=\"li1\">Ustawie z&nbsp;dnia 29 sierpnia 1997&nbsp;r. o&nbsp;ochronie danych osobowych (Dz.U. 2016 poz. 922 z&nbsp;p\u00f3\u017an. zm.);<\/li>\n<li class=\"li1\">Ustawie z&nbsp;dnia 18 lipca 2002&nbsp;r. o&nbsp;\u015bwiadczeniu us\u0142ug drog\u0105 elektroniczn\u0105 (Dz.U. 2020 poz. 344 z&nbsp;p\u00f3\u017an. zm.);<\/li>\n<li class=\"li1\">Ustawie z&nbsp;dnia 16 lipca 2004&nbsp;r. \u2013 Prawo telekomunikacyjne (Dz.U. 2022 poz. 1648 z&nbsp;p\u00f3\u017an. zm.).&nbsp;<\/li>\n<\/ul>\n<\/li>\n<\/ul>\n<p class=\"p1\">Twoje&nbsp;dane b\u0119d\u0105 przetwarzane w&nbsp;okresie wynikaj\u0105cym z&nbsp;przepis\u00f3w prawa, a&nbsp;tak\u017ce w&nbsp;czasie, w&nbsp;kt\u00f3rym&nbsp;mo\u017cna wnie\u015b\u0107 pozew lub reklamacj\u0119. Dane, kt\u00f3re przetwarzamy na&nbsp;potrzeby marketingu bezpo\u015bredniego oferowanych przez&nbsp;nas us\u0142ug, b\u0119dziemy przetwarza\u0107 do&nbsp;momentu, w&nbsp;kt\u00f3rym&nbsp;nie&nbsp;zg\u0142osisz swojego sprzeciwu w&nbsp;tym zakresie.<\/p>\n<p class=\"p1\">\n<\/p><\/div>\n<\/div>\n<div class=\"elementor-element elementor-element-87daa2f elementor-widget elementor-widget-text-editor\" data-id=\"87daa2f\" data-element_type=\"widget\" data-widget_type=\"text-editor.default\">\n<div class=\"elementor-widget-container\">\n<h4><strong>I. Informacje og\u00f3lne<\/strong><\/h4>\n<p>1. Niniejsza Polityka Prywatno\u015bci reguluje zasady przetwarzania danych osobowych oraz&nbsp;zbierania i&nbsp;wykorzystywania informacji o&nbsp;U\u017cytkownikach w&nbsp;serwisie internetowym dost\u0119pnym pod&nbsp;adresem https:\/\/www.techno-bud.com (dalej: Serwis).<\/p>\n<p>2. Polityka Prywatno\u015bci zosta\u0142a stworzona oraz&nbsp;przyj\u0119ta przez&nbsp;sp\u00f3\u0142k\u0119 Techno-Bud sp. z&nbsp;o.o.<\/p>\n<p>3. Administratorem danych osobowych w&nbsp;rozumieniu RODO jest sp\u00f3\u0142ka Techno-Bud sp. z&nbsp;o.o.<br>z&nbsp;siedzib\u0105 w 62-404 Samarzewo, Ul. Samarzewo 9, NIP: 5170354277, REGON: 1807566422<br>&nbsp;(dalej: Administrator).<\/p>\n<p>4. Administrator przetwarza&nbsp;dane osobowe U\u017cytkownik\u00f3w Serwisu w&nbsp;celu:<\/p>\n<ul>\n<li>\n<ul>\n<li>realizacji ci\u0105\u017c\u0105cych na&nbsp;podmiocie obowi\u0105zk\u00f3w wynikaj\u0105cych z&nbsp;przepis\u00f3w prawa;<\/li>\n<li>realizacji&nbsp;zlece\u0144&nbsp;oraz zam\u00f3wie\u0144 wykonywanych&nbsp;przez&nbsp;podmiot;<\/li>\n<li>gromadzenia danych analitycznych i&nbsp;statystycznych;<\/li>\n<li>obs\u0142ugi reklamacji oraz&nbsp;ewentualnych innych roszcze\u0144;<\/li>\n<li>obs\u0142ugi wiadomo\u015bci kierowanych poprzez formularze elektroniczne dost\u0119pne w&nbsp;Serwisie, w&nbsp;formie wiadomo\u015bci e-mail lub telefonicznie;<\/li>\n<li>kierowania do&nbsp;U\u017cytkownik\u00f3w tre\u015bci marketingowych (komunikacja marketingowa dostarczana jest w&nbsp;oparciu o&nbsp;pliki cookies, dane analityczne i&nbsp;marketing bezpo\u015bredni).<\/li>\n<\/ul>\n<\/li>\n<\/ul>\n<p>5. W&nbsp;Serwisie mog\u0105 znajdowa\u0107 si\u0119 odno\u015bniki umo\u017cliwiaj\u0105ce \u2013 w&nbsp;przypadku ich klikni\u0119cia \u2013 otwarcie innych stron internetowych, kt\u00f3re s\u0105&nbsp;zarz\u0105dzane przez&nbsp;innych administrator\u00f3w. Nie&nbsp;mamy wp\u0142ywu na&nbsp;stosowan\u0105 przez&nbsp;te&nbsp;podmioty polityk\u0119 prywatno\u015bci oraz&nbsp;polityk\u0119 wykorzystywania plik\u00f3w cookies, nie&nbsp;ponosimy za&nbsp;nie&nbsp;odpowiedzialno\u015bci i&nbsp;zach\u0119camy U\u017cytkownik\u00f3w naszego Serwisu do&nbsp;zapoznawanie si\u0119 z&nbsp;tymi dokumentami na&nbsp;kolejnych stronach.<\/p>\n<p class=\"p1\">\n<\/p><\/div>\n<\/div>\n<div class=\"elementor-element elementor-element-d3a5713 elementor-widget elementor-widget-text-editor\" data-id=\"d3a5713\" data-element_type=\"widget\" data-widget_type=\"text-editor.default\">\n<div class=\"elementor-widget-container\">\n<h4><strong>II. Informacje o&nbsp;przetwarzaniu danych osobowych<\/strong><\/h4>\n<p>1. Nasz Serwis gromadzi nast\u0119puj\u0105ce rodzaje danych.<\/p>\n<p>1) Dane przekazywane przez&nbsp;U\u017cytkownik\u00f3w z&nbsp;wykorzystaniem formularzy elektronicznych znajduj\u0105cych si\u0119 w&nbsp;Serwisie.<\/p>\n<ul>\n<li>\n<ul>\n<li>\n<ul>\n<li>U\u017cytkownik, kt\u00f3ry&nbsp;chce przes\u0142a\u0107 do&nbsp;nas wiadomo\u015b\u0107 za&nbsp;po\u015brednictwem jednego z&nbsp;formularzy elektronicznych dost\u0119pnych w&nbsp;Serwisie, powinien uzupe\u0142ni\u0107 dost\u0119pne w&nbsp;nim pola, w&nbsp;kt\u00f3rych&nbsp;nale\u017cy wpisa\u0107 m.in.&nbsp;imi\u0119, adres e-mail i&nbsp;telefon do&nbsp;kontaktu, a&nbsp;tak\u017ce odpowiedzie\u0107 na&nbsp;uzupe\u0142niaj\u0105ce pytania tematyczne.<\/li>\n<li>Przesy\u0142aj\u0105c formularz U\u017cytkownik wyra\u017ca zgod\u0119 na&nbsp;kontakt mailowy oraz&nbsp;telefoniczny w&nbsp;celu obs\u0142ugi jego zg\u0142oszenia.<\/li>\n<li>Wype\u0142nienie formularza nie&nbsp;wymaga dodatkowej rejestracji lub logowania.<\/li>\n<\/ul>\n<\/li>\n<\/ul>\n<\/li>\n<\/ul>\n<p>2) Dane stanowi\u0105ce informacje, kt\u00f3re s\u0105&nbsp;automatycznie zapisywane po&nbsp;wej\u015bciu U\u017cytkownika na&nbsp;stron\u0119 (tzw. logi serwera).<\/p>\n<ul>\n<li>\n<ul>\n<li>\n<ul>\n<li>Przede wszystkim s\u0105&nbsp;to&nbsp;anonimowe informacje dotycz\u0105ce adresu IP U\u017cytkownika, u\u017cywanej przez&nbsp;niego przegl\u0105darki internetowej, jej j\u0119zyka oraz&nbsp;urz\u0105dzenia, z&nbsp;kt\u00f3rego&nbsp;U\u017cytkownik po\u0142\u0105czy\u0142 si\u0119 z&nbsp;naszym Serwisem wraz z&nbsp;jego systemem operacyjnym, a&nbsp;tak\u017ce czas jego wizyty i&nbsp;wygenerowana liczba ods\u0142on.<\/li>\n<li>Gromadzone w&nbsp;ten spos\u00f3b dane s\u0105&nbsp;analizowane w&nbsp;celu statystycznym z&nbsp;wykorzystaniem Google Analytics. Narz\u0119dzie to&nbsp;dzia\u0142a w&nbsp;oparciu o&nbsp;tzw. pliki cookies.<\/li>\n<li>Co&nbsp;wa\u017cne, zebrane informacje nie&nbsp;s\u0105&nbsp;udost\u0119pniane w&nbsp;spos\u00f3b umo\u017cliwiaj\u0105cy identyfikacj\u0119 U\u017cytkownika Serwisu i&nbsp;nie&nbsp;s\u0105&nbsp;przez&nbsp;nas ujawniane osobom nieupowa\u017cnionym do&nbsp;administrowania Serwisem.<\/li>\n<li>Twoje&nbsp;dane przechowywane s\u0105&nbsp;wy\u0142\u0105cznie w&nbsp;celu pomocniczym dla administrowania nasz\u0105 stron\u0105. Ich analiza daje nam mo\u017cliwo\u015b\u0107 optymalizacji jej tre\u015bci oraz&nbsp;wdra\u017cania rozwi\u0105za\u0144, kt\u00f3rych&nbsp;oczekuj\u0105 od&nbsp;nas U\u017cytkownicy.<\/li>\n<li>Je\u015bli chcesz, to&nbsp;z&nbsp;polityk\u0105 prywatno\u015bci Google, mo\u017cesz zapozna\u0107 si\u0119 wchodz\u0105c na&nbsp;stron\u0119:&nbsp;<a href=\"https:\/\/policies.google.com\/privacy?hl=pl\" target=\"_blank\" rel=\"noopener\">https:\/\/policies.google.com\/privacy?hl=pl<\/a>.<\/li>\n<\/ul>\n<\/li>\n<\/ul>\n<\/li>\n<\/ul>\n<p>2. U\u017cytkownikowi, kt\u00f3rego&nbsp;dane s\u0105&nbsp;przetwarzane, przys\u0142uguje prawo:<\/p>\n<p>1) dost\u0119pu do&nbsp;tre\u015bci jego danych osobowych, \u017c\u0105dania ich sprostowania lub usuni\u0119cia, na&nbsp;zasadach okre\u015blonych w&nbsp;art.&nbsp;15-17 RODO;<\/p>\n<p>2) ograniczenia przetwarzania danych, w&nbsp;przypadkach okre\u015blonych w&nbsp;art. 18 RODO;<\/p>\n<p>3) przenoszenia danych, na&nbsp;zasadach okre\u015blonych w&nbsp;art. 20 RODO, tj.&nbsp;do&nbsp;otrzymania od&nbsp;Administratora danych, kt\u00f3re go&nbsp;dotycz\u0105, w&nbsp;ustrukturyzowanym, powszechnie u\u017cywanym formacie nadaj\u0105cym si\u0119 do&nbsp;odczytu maszynowego;<\/p>\n<p>4) cofni\u0119cia zgody w&nbsp;dowolnym momencie bez&nbsp;wp\u0142ywu na&nbsp;zgodno\u015b\u0107 z&nbsp;prawem przetwarzania, kt\u00f3rego&nbsp;dokonano na&nbsp;podstawie zgody przed&nbsp;jej cofni\u0119ciem;<\/p>\n<p>5) wniesienia skargi do&nbsp;Prezesa Urz\u0119du Ochrony Danych Osobowych na&nbsp;adres Prezesa Urz\u0119du Ochrony Danych Osobowych (ul.&nbsp;Stawki 2, 00-193 Warszawa).<\/p>\n<p>3. W&nbsp;celu skorzystania z&nbsp;praw, o&nbsp;kt\u00f3rych&nbsp;mowa w&nbsp;pkt. 2 ppkt. 1-4, nale\u017cy skontaktowa\u0107 si\u0119 z&nbsp;Administratorem Serwisu korzystaj\u0105c z&nbsp;danych kontaktowych wskazanych w&nbsp;rozdziale \u201eX. Kontakt z&nbsp;administratorem danych\u201d.<\/p>\n<p>4. Dane mog\u0105 by\u0107 profilowane zgodnie z&nbsp;art. 4 pkt. 4 RODO.<\/p>\n<p>5.&nbsp; U\u017cytkownik jest zobowi\u0105zany do&nbsp;podawania danych aktualnych i&nbsp;prawdziwych.<\/p>\n<p>6. Podanie danych osobowych jest zawsze dobrowolne, jednak niezb\u0119dne do&nbsp;potrzeb komunikacyjnych, a&nbsp;w&nbsp;przypadku wyboru naszej oferty, jest ono r\u00f3wnie\u017c konieczne w&nbsp;celu zawarcia i&nbsp;prawid\u0142owego wykonania umowy.<\/p>\n<\/div>\n<\/div>\n<div class=\"elementor-element elementor-element-2d093af elementor-widget elementor-widget-text-editor\" data-id=\"2d093af\" data-element_type=\"widget\" data-widget_type=\"text-editor.default\">\n<div class=\"elementor-widget-container\">\n<h4><strong>III. Odbiorcy danych osobowych<\/strong><\/h4>\n<p>1. Dane Klienta mog\u0105 by\u0107 przekazane podmiotom uprawnionym do&nbsp;ich otrzymania zgodnie z&nbsp;obowi\u0105zuj\u0105cym prawem lub w&nbsp;skutek wykonania umowy zawartej bezpo\u015brednio z&nbsp;Klientem,&nbsp;gdy&nbsp;jest to&nbsp;niezb\u0119dne do&nbsp;zrealizowania naszych us\u0142ug.<\/p>\n<p>2. Dane osobowe mog\u0105 zosta\u0107 powierzone zaufanym odbiorcom, w&nbsp;tym w&nbsp;szczeg\u00f3lno\u015bci:<\/p>\n<ul>\n<li>\n<ul>\n<li>podmiotowi obs\u0142uguj\u0105cemu ksi\u0119gowo\u015b\u0107;<\/li>\n<li>firmie kurierskiej;<\/li>\n<li>firmie \u015bwiadcz\u0105cej us\u0142ug\u0119 wysy\u0142ki informacji elektronicznej (newsletter) w&nbsp;imieniu Administratora;<\/li>\n<li>podmiotom po\u015brednicz\u0105cym w&nbsp;p\u0142atno\u015bciach.<\/li>\n<\/ul>\n<\/li>\n<\/ul>\n<p>3. W&nbsp;zakresie w&nbsp;jakim dane U\u017cytkownik\u00f3w s\u0105&nbsp;przetwarzane z&nbsp;wykorzystaniem plik\u00f3w cookies do&nbsp;cel\u00f3w statystycznych przy u\u017cyciu narz\u0119dzia Google Analytics, Administrator przekazuje dane U\u017cytkownik\u00f3w do&nbsp;pa\u0144stwa trzeciego \u2013 Stan\u00f3w Zjednoczonych. Google&nbsp;Inc. przyst\u0105pi\u0142 do&nbsp;porozumienia w&nbsp;sprawie Tarczy Prywatno\u015bci UE-USA. Zgodnie z&nbsp;decyzj\u0105 Komisji Europejskiej z&nbsp;dnia 12 lipca 2016&nbsp;r., znak: IP\/16\/216, przekazywanie danych osobowych do&nbsp;podmiot\u00f3w z&nbsp;siedzib\u0105 w&nbsp;Stanach Zjednoczonych, kt\u00f3re przyst\u0105pi\u0142y do&nbsp;wy\u017cej wymienionego porozumienia, zapewnia odpowiedni stopie\u0144 ochrony danych osobowych, zgodnie z&nbsp;art. 45 RODO.<\/p>\n<\/div>\n<\/div>\n<div class=\"elementor-element elementor-element-84e766f elementor-widget elementor-widget-text-editor\" data-id=\"84e766f\" data-element_type=\"widget\" data-widget_type=\"text-editor.default\">\n<div class=\"elementor-widget-container\">\n<h4 class=\"p1\"><strong>IV. Bezpiecze\u0144stwo danych<br><\/strong><\/h4>\n<p class=\"p1\">1. Nasz Serwis korzysta z&nbsp;technologii oraz&nbsp;procedur ochrony danych osobowych, kt\u00f3re zapewniaj\u0105 nale\u017cyt\u0105 ochron\u0119 prywatno\u015bci jego U\u017cytkownik\u00f3w.<\/p>\n<p class=\"p1\">2. Dane osobowe U\u017cytkownik\u00f3w Serwisu przechowujemy w&nbsp;bazie danych, do&nbsp;kt\u00f3rej&nbsp;zastosowano \u015brodki techniczne oraz&nbsp;organizacyjne, zapewniaj\u0105ce ich ochron\u0119, zgodnie z&nbsp;wymaganiami przepis\u00f3w dotycz\u0105cych ochrony danych osobowych, w&nbsp;tym w&nbsp;szczeg\u00f3lno\u015bci zgodnie z:<\/p>\n<ul>\n<li>\n<ul class=\"ul1\">\n<li class=\"li1\">RODO;<\/li>\n<li class=\"li1\">ustaw\u0105 z&nbsp;dnia 16 lipca 2004&nbsp;r. \u2013 Prawo telekomunikacyjne (Dz.U. 2022 poz. 1648 z&nbsp;p\u00f3\u017an. zm.);<\/li>\n<li class=\"li1\">ustaw\u0105 z&nbsp;dnia 18 lipca 2002&nbsp;r. o&nbsp;\u015bwiadczeniu us\u0142ug drog\u0105 elektroniczn\u0105 (Dz.U. 2020 poz. 344 z&nbsp;p\u00f3\u017an. zm.).<\/li>\n<\/ul>\n<\/li>\n<\/ul>\n<p class=\"p1\">3. Dane osobowe U\u017cytkownik\u00f3w s\u0105&nbsp;chronione mi\u0119dzy innymi w&nbsp;nast\u0119puj\u0105cy spos\u00f3b:<\/p>\n<ul>\n<li>\n<ul class=\"ul1\">\n<li class=\"li1\">Dost\u0119p do&nbsp;bazy danych osobowych posiadaj\u0105 wy\u0142\u0105cznie osoby z&nbsp;upowa\u017cnieniem nadanym im&nbsp;przez&nbsp;jej administratora.<\/li>\n<li class=\"li1\">Administrator Serwisu okresowo zmienia swoje has\u0142a administracyjne.<\/li>\n<li class=\"li1\">Serwis zabezpieczony jest certyfikatem SSL, dzi\u0119ki czemu wprowadzane dane osobowe zostaj\u0105 zaszyfrowane w&nbsp;komputerze U\u017cytkownika i&nbsp;mog\u0105 by\u0107 odczytane tylko&nbsp;na&nbsp;docelowym serwerze.<\/li>\n<li class=\"li1\">W&nbsp;celu ochrony danych osobowych Administrator regularnie wykonuje kopie bezpiecze\u0144stwa.<\/li>\n<\/ul>\n<\/li>\n<\/ul>\n<\/div>\n<\/div>\n<div class=\"elementor-element elementor-element-0de2014 elementor-widget elementor-widget-text-editor\" data-id=\"0de2014\" data-element_type=\"widget\" data-widget_type=\"text-editor.default\">\n<div class=\"elementor-widget-container\">\n<h4 class=\"p1\"><strong>V. Pliki cookies<\/strong><\/h4>\n<p class=\"p1\">1. Podczas korzystania z&nbsp;naszego Serwisu na&nbsp;urz\u0105dzeniu ko\u0144cowym U\u017cytkownika zapisywane s\u0105&nbsp;pliki cookies (tzw. \u201eciasteczka\u201d).<\/p>\n<p>2. Komunikat o&nbsp;wykorzystywaniu plik\u00f3w cookies zostaje wy\u015bwietlony U\u017cytkownikowi podczas pierwszego otwarcia Serwisu. Korzystanie z&nbsp;Serwisu oznacza wyra\u017cenie zgody na&nbsp;przetwarzanie plik\u00f3w cookies. Je\u015bli U\u017cytkownik nie&nbsp;chce wyrazi\u0107 takiej zgody, to&nbsp;powinien go&nbsp;opu\u015bci\u0107.<\/p>\n<p class=\"p1\">\n<\/p><\/div>\n<\/div>\n<div class=\"elementor-element elementor-element-553877b elementor-widget elementor-widget-text-editor\" data-id=\"553877b\" data-element_type=\"widget\" data-widget_type=\"text-editor.default\">\n<div class=\"elementor-widget-container\">\n<h4 class=\"p1\"><strong>VI. Wymagania techniczne<\/strong><\/h4>\n<p>W&nbsp;celu korzystania z&nbsp;naszego Serwisu niezb\u0119dne jest posiadanie:<\/p>\n<ul>\n<li>\n<ul>\n<li>Urz\u0105dzenia z&nbsp;dost\u0119pem do&nbsp;internetu;<\/li>\n<li>Przegl\u0105darki internetowej umo\u017cliwiaj\u0105cej wy\u015bwietlanie stron www wraz z&nbsp;odczyt tre\u015bci graficznych i&nbsp;wideo.<\/li>\n<\/ul>\n<\/li>\n<\/ul>\n<p class=\"p1\">\n<\/p><\/div>\n<\/div>\n<div class=\"elementor-element elementor-element-e9c0ab6 elementor-widget elementor-widget-text-editor\" data-id=\"e9c0ab6\" data-element_type=\"widget\" data-widget_type=\"text-editor.default\">\n<div class=\"elementor-widget-container\">\n<h4 class=\"p1\"><strong>VII. Prawa autorskie i&nbsp;odpowiedzialno\u015b\u0107 za&nbsp;tre\u015bci<\/strong><\/h4>\n<p>1. Wszystkie tre\u015bci umieszczone w&nbsp;Serwisie, w&nbsp;tym zdj\u0119cia, teksty, bezp\u0142atne materia\u0142y oraz&nbsp;nagrania wideo, stanowi\u0105 przedmiot praw autorskich okre\u015blonych os\u00f3b i\/lub Administratora.<\/p>\n<p>2. Administrator nie&nbsp;wyra\u017ca zgody na&nbsp;kopiowanie tre\u015bci, o&nbsp;kt\u00f3rych&nbsp;mowa w&nbsp;pkt. 1, w&nbsp;ca\u0142o\u015bci lub cz\u0119\u015bci bez&nbsp;jego wyra\u017anej, uprzedniej zgody.<\/p>\n<p>3. Tre\u015bci przedstawione w&nbsp;Serwisie nie&nbsp;stanowi\u0105 porad specjalistycznych oraz&nbsp;nie&nbsp;odnosz\u0105 si\u0119 do&nbsp;konkretnego stanu faktycznego. W&nbsp;celu uzyskania pomocy w&nbsp;konkretnej sprawie&nbsp;nale\u017cy skontaktowa\u0107 si\u0119 z&nbsp;osob\u0105 uprawnion\u0105 do&nbsp;udzielania takich porad lub z&nbsp;Administratorem korzystaj\u0105c z&nbsp;danych kontaktowych wskazanych w&nbsp;rozdziale \u201eX. Kontakt z&nbsp;administratorem danych\u201d.<\/p>\n<p>4. Administrator nie&nbsp;ponosi odpowiedzialno\u015bci za&nbsp;wykorzystanie tre\u015bci zawartych w&nbsp;Serwisie lub dzia\u0142a\u0144 b\u0105d\u017a zaniecha\u0144 podejmowanych na&nbsp;ich podstawie.<\/p>\n<p class=\"p1\">\n<\/p><\/div>\n<\/div>\n<div class=\"elementor-element elementor-element-7cb5958 elementor-widget elementor-widget-text-editor\" data-id=\"7cb5958\" data-element_type=\"widget\" data-widget_type=\"text-editor.default\">\n<div class=\"elementor-widget-container\">\n<h4><strong>VIII. Opinie<\/strong><\/h4>\n<p>1. Na&nbsp;stronie internetowej mog\u0105 by\u0107 prezentowanie opinie Klient\u00f3w dotycz\u0105ce dzia\u0142alno\u015bci firmy, w&nbsp;tym publicznie dost\u0119pne opinie zgromadzone w&nbsp;ramach profili Google Business.<\/p>\n<p>2. Opinie, o&nbsp;kt\u00f3rych&nbsp;mowa w&nbsp;pkt. 1, mog\u0105 pojawia\u0107 si\u0119 w&nbsp;r\u00f3\u017cnych miejscach na&nbsp;stronie, w&nbsp;tym mi\u0119dzy innymi na&nbsp;jej stronie g\u0142\u00f3wnej.<\/p>\n<p>3. Zamieszczane opinie mog\u0105 odsy\u0142a\u0107 do&nbsp;zewn\u0119trznych narz\u0119dzi oraz&nbsp;serwis\u00f3w prezentuj\u0105cych recenzje, w&nbsp;tym na&nbsp;przyk\u0142ad do&nbsp;opinii pochodz\u0105cych z&nbsp;profilu Google Business lub profili w&nbsp;mediach spo\u0142eczno\u015bciowych.<\/p>\n<p>4. Opinie mog\u0105 by\u0107 prezentowane w&nbsp;r\u00f3\u017cnych formach, w&nbsp;tym mi\u0119dzy innymi w&nbsp;postaci tekstowej z&nbsp;wizerunkiem oraz&nbsp;danymi osobowymi osoby j\u0105&nbsp;wystawiaj\u0105cej lub tylko&nbsp;z&nbsp;cz\u0119\u015bciowym prezentowaniem tych danych b\u0105d\u017a ca\u0142kowicie bez&nbsp;nich.<\/p>\n<p>5. Klient pozostawiaj\u0105c opini\u0119 wyra\u017ca zgod\u0119 na&nbsp;jej opublikowanie w&nbsp;ramach strony internetowej. Je\u015bli Klient nie&nbsp;b\u0119dzie chcia\u0142, aby jego opinia wy\u015bwietla\u0142a si\u0119 w&nbsp;ramach serwisu powinien o&nbsp;tym poinformowa\u0107&nbsp;Administratora korzystaj\u0105c z&nbsp;danych kontaktowych wskazanych w&nbsp;rozdziale \u201eX. Kontakt z&nbsp;administratorem danych\u201d. Administrator zobowi\u0105zany jest do&nbsp;usuni\u0119cia opinii wskazanej przez&nbsp;Klienta.<\/p>\n<p>6. Administrator dok\u0142ada wszelkich stara\u0144, aby publikowane opinie by\u0142y rzetelne i&nbsp;pochodzi\u0142y od&nbsp;os\u00f3b b\u0119d\u0105cych rzeczywistymi Klientami jego dzia\u0142alno\u015bci.<\/p>\n<p>7. Administrator nie&nbsp;ma&nbsp;obowi\u0105zku publikowania wszyskich opinii, a&nbsp;tak\u017ce \u2013 gdy&nbsp;uzna to&nbsp;za&nbsp;uzasadnione \u2013 ma&nbsp;prawo do&nbsp;ich usuwania.<\/p>\n<p class=\"p1\">\n<\/p><\/div>\n<\/div>\n<div class=\"elementor-element elementor-element-9deca13 elementor-widget elementor-widget-text-editor\" data-id=\"9deca13\" data-element_type=\"widget\" data-widget_type=\"text-editor.default\">\n<div class=\"elementor-widget-container\">\n<h4 class=\"p1\"><strong>IX. Zmiany w&nbsp;Polityce Prywatno\u015bci<\/strong><\/h4>\n<p class=\"p1\">1. Polityka Prywatno\u015bci Serwisu mo\u017ce by\u0107 zmieniona jedynie w&nbsp;celu podwy\u017cszenia standard\u00f3w ochrony lub jej dostosowania do&nbsp;wymog\u00f3w powszechnie obowi\u0105zuj\u0105cego prawa.<\/p>\n<p class=\"p1\">2. U\u017cytkownik Serwisu zostanie ka\u017cdorazowo poinformowany o&nbsp;zmianie Polityki Prywatno\u015bci w&nbsp;informacji wys\u0142anej na&nbsp;podany przez&nbsp;niego adres e-mail, je\u015bli wyrazi\u0142 zgod\u0119 na&nbsp;tak\u0105 form\u0119 komunikacji.<\/p>\n<p class=\"p1\">\n<\/p><\/div>\n<\/div>\n<div class=\"elementor-element elementor-element-7299f1c elementor-widget elementor-widget-text-editor\" data-id=\"7299f1c\" data-element_type=\"widget\" data-widget_type=\"text-editor.default\">\n<div class=\"elementor-widget-container\">\n<h4 class=\"p1\"><strong>X. Kontakt z&nbsp;administratorem danych<\/strong><\/h4>\n<p>1. Wszelkie uwagi, nieprawid\u0142owo\u015bci oraz \u017c\u0105dania dotycz\u0105ce Polityki Prywatno\u015bci prosimy wysy\u0142a\u0107 w wiadomo\u015bci e-mail na adres: biuro@techno-bud.com.<\/p>\n<p>2. Po&nbsp;rozpatrzeniu Twojego&nbsp;zg\u0142oszenia, udzielimy odpowiedzi wysy\u0142aj\u0105c wiadomo\u015b\u0107 zwrotn\u0105 na&nbsp;adres poczty elektronicznej, z&nbsp;kt\u00f3rego&nbsp;otrzymali\u015bmy e-mail.<\/p>\n<\/div>\n<\/div>\t\t\t\t\t\t\t\t<\/div>\n\t\t\t\t<\/div>\n\t\t\t\t\t<\/div>\n\t\t\t\t<\/div>\n\t\t\t\t<\/div>\n\t\t","protected":false},"excerpt":{"rendered":"<p>POLITYKA PRYWATNO\u015aCI Niniejsz\u0105 Polityk\u0119 Prywatno\u015bci przedstawiamy, aby poinformowa\u0107 U\u017cytkownik\u00f3w naszej strony o&nbsp;tym, jakie dane osobowe zbieramy, w&nbsp;jaki spos\u00f3b i&nbsp;w&nbsp;jakim celu odbywa si\u0119 ten proces, a&nbsp;tak\u017ce o&nbsp;wykorzystywaniu przez&nbsp;nasz\u0105 stron\u0119 plik\u00f3w cookies. Drogi U\u017cytkowniku! Korzystaj\u0105c z&nbsp;naszej strony masz zapewnion\u0105 ochron\u0119 prywatno\u015bci na&nbsp;poziomie odpowiadaj\u0105cym standardom okre\u015blonym w&nbsp;przepisach powszechnie obowi\u0105zuj\u0105cego prawa, w&nbsp;tym szczeg\u00f3lno\u015bci w: Rozporz\u0105dzeniu Parlamentu Europejskiego i&nbsp;Rady (UE) [&hellip;]<\/p>\n","protected":false},"author":1,"featured_media":0,"parent":65,"menu_order":1,"comment_status":"closed","ping_status":"closed","template":"elementor_header_footer","meta":{"footnotes":""},"class_list":["post-3","page","type-page","status-publish","hentry"],"_links":{"self":[{"href":"https:\/\/techno-bud.com\/index.php?rest_route=\/wp\/v2\/pages\/3","targetHints":{"allow":["GET"]}}],"collection":[{"href":"https:\/\/techno-bud.com\/index.php?rest_route=\/wp\/v2\/pages"}],"about":[{"href":"https:\/\/techno-bud.com\/index.php?rest_route=\/wp\/v2\/types\/page"}],"author":[{"embeddable":true,"href":"https:\/\/techno-bud.com\/index.php?rest_route=\/wp\/v2\/users\/1"}],"replies":[{"embeddable":true,"href":"https:\/\/techno-bud.com\/index.php?rest_route=%2Fwp%2Fv2%2Fcomments&post=3"}],"version-history":[{"count":18,"href":"https:\/\/techno-bud.com\/index.php?rest_route=\/wp\/v2\/pages\/3\/revisions"}],"predecessor-version":[{"id":362,"href":"https:\/\/techno-bud.com\/index.php?rest_route=\/wp\/v2\/pages\/3\/revisions\/362"}],"up":[{"embeddable":true,"href":"https:\/\/techno-bud.com\/index.php?rest_route=\/wp\/v2\/pages\/65"}],"wp:attachment":[{"href":"https:\/\/techno-bud.com\/index.php?rest_route=%2Fwp%2Fv2%2Fmedia&parent=3"}],"curies":[{"name":"wp","href":"https:\/\/api.w.org\/{rel}","templated":true}]}}