{"id":59,"date":"2025-05-16T13:19:17","date_gmt":"2025-05-16T11:19:17","guid":{"rendered":"https:\/\/techno-bud.com\/?page_id=59"},"modified":"2025-07-28T17:11:50","modified_gmt":"2025-07-28T15:11:50","slug":"o-nas","status":"publish","type":"page","link":"https:\/\/techno-bud.com\/?page_id=59","title":{"rendered":"O nas"},"content":{"rendered":"\t\t<div data-elementor-type=\"wp-page\" data-elementor-id=\"59\" class=\"elementor elementor-59\" data-elementor-post-type=\"page\">\n\t\t\t\t<div class=\"elementor-element elementor-element-b3075a9 e-flex e-con-boxed e-con e-parent\" data-id=\"b3075a9\" data-element_type=\"container\">\n\t\t\t\t\t<div class=\"e-con-inner\">\n\t\t\t\t<div class=\"elementor-element elementor-element-14ef348 elementor-widget elementor-widget-heading\" data-id=\"14ef348\" data-element_type=\"widget\" data-widget_type=\"heading.default\">\n\t\t\t\t<div class=\"elementor-widget-container\">\n\t\t\t\t\t<h2 class=\"elementor-heading-title elementor-size-default\">POZNAJ NAS<\/h2>\t\t\t\t<\/div>\n\t\t\t\t<\/div>\n\t\t\t\t<div class=\"elementor-element elementor-element-23ef9ea elementor-widget elementor-widget-heading\" data-id=\"23ef9ea\" data-element_type=\"widget\" data-widget_type=\"heading.default\">\n\t\t\t\t<div class=\"elementor-widget-container\">\n\t\t\t\t\t<h2 class=\"elementor-heading-title elementor-size-default\">Czym si\u0119\nzajmujemy?<\/h2>\t\t\t\t<\/div>\n\t\t\t\t<\/div>\n\t\t\t\t\t<\/div>\n\t\t\t\t<\/div>\n\t\t<div class=\"elementor-element elementor-element-b2bb984 e-flex e-con-boxed e-con e-parent\" data-id=\"b2bb984\" data-element_type=\"container\">\n\t\t\t\t\t<div class=\"e-con-inner\">\n\t\t\t\t<div class=\"elementor-element elementor-element-f4567c2 elementor-widget elementor-widget-text-editor\" data-id=\"f4567c2\" data-element_type=\"widget\" data-widget_type=\"text-editor.default\">\n\t\t\t\t<div class=\"elementor-widget-container\">\n\t\t\t\t\t\t\t\t\t<p data-start=\"214\" data-end=\"387\"><strong data-start=\"214\" data-end=\"239\">Techno-Bud Sp. z o.o.<\/strong> specjalizuje si\u0119 w realizacji linii elektroenergetycznych, telekomunikacyjnych oraz w wykonawstwie technikami bezwykopowymi pod r\u00f3\u017cne media, w tym:<\/p>\n<ul data-start=\"389\" data-end=\"466\">\n<li data-start=\"389\" data-end=\"405\">\n<p data-start=\"391\" data-end=\"405\">teletechnik\u0119<\/p>\n<\/li>\n<li data-start=\"406\" data-end=\"420\">\n<p data-start=\"408\" data-end=\"420\">energetyk\u0119<\/p>\n<\/li>\n<li data-start=\"421\" data-end=\"436\">\n<p data-start=\"423\" data-end=\"436\">gazownictwo<\/p>\n<\/li>\n<li data-start=\"437\" data-end=\"452\">\n<p data-start=\"439\" data-end=\"452\">kanalizacj\u0119<\/p>\n<\/li>\n<li data-start=\"453\" data-end=\"466\">\n<p data-start=\"455\" data-end=\"466\">wodoci\u0105gi<\/p>\n<\/li>\n<\/ul>\n<p data-start=\"468\" data-end=\"542\">Dzia\u0142amy na rynku polskim od <strong data-start=\"497\" data-end=\"510\">2011 roku<\/strong>. Od tego czasu zrealizowali\u015bmy:<\/p>\n<ul data-start=\"544\" data-end=\"702\">\n<li data-start=\"544\" data-end=\"597\">\n<p data-start=\"546\" data-end=\"597\">ponad <strong data-start=\"552\" data-end=\"595\">500 km przewiert\u00f3w horyzontalnych (HDD)<\/strong><\/p>\n<\/li>\n<li data-start=\"598\" data-end=\"657\">\n<p data-start=\"600\" data-end=\"657\">oko\u0142o <strong data-start=\"606\" data-end=\"655\">80 km linii energetycznych \u015bredniego napi\u0119cia<\/strong><\/p>\n<\/li>\n<li data-start=\"658\" data-end=\"702\">\n<p data-start=\"660\" data-end=\"702\">ponad <strong data-start=\"666\" data-end=\"702\">350 km sieci telekomunikacyjnych<\/strong><\/p>\n<\/li>\n<\/ul>\n<p data-start=\"704\" data-end=\"738\">Wsp\u00f3\u0142pracowali\u015bmy m.in. z firmami:<\/p>\n<p data-start=\"740\" data-end=\"1015\"><strong data-start=\"740\" data-end=\"760\">Ensta Sp. z o.o.<\/strong>, <strong data-start=\"762\" data-end=\"780\">PBT Sp. z o.o.<\/strong>, <strong data-start=\"782\" data-end=\"811\">Elektro-Silver Sp. z o.o.<\/strong>,<br data-start=\"812\" data-end=\"815\"><strong data-start=\"815\" data-end=\"843\">Enea Operator Sp. z o.o.<\/strong>, <strong data-start=\"845\" data-end=\"866\">Pivowarski P.S.A.<\/strong>, <strong data-start=\"868\" data-end=\"892\">Zilinskis Sp. z o.o.<\/strong>,<br data-start=\"893\" data-end=\"896\"><strong data-start=\"896\" data-end=\"916\">ELTEL Sp. z o.o.<\/strong>, <strong data-start=\"918\" data-end=\"967\">ZE Andrzej Wojciechowski Hanna Szambelan S.C.<\/strong>, <strong data-start=\"969\" data-end=\"994\">HFC System Sp. z o.o.<\/strong> oraz wieloma innymi.<\/p>\n<hr data-start=\"2233\" data-end=\"2236\">\n<div id=\"urban-overlay\" style=\"left: -10px; top: -10px; width: 0px; height: 0px;\">&nbsp;<\/div>\n<div id=\"urban-overlay\" style=\"left: -10px; top: -10px; width: 0px; height: 0px;\">&nbsp;<\/div>\n<div id=\"urban-overlay\" style=\"left: -10px; top: -10px; width: 0px; height: 0px;\">&nbsp;<\/div>\t\t\t\t\t\t\t\t<\/div>\n\t\t\t\t<\/div>\n\t\t\t\t\t<\/div>\n\t\t\t\t<\/div>\n\t\t<div class=\"elementor-element elementor-element-7ddbdf0 e-con-full e-flex e-con e-parent\" data-id=\"7ddbdf0\" data-element_type=\"container\" data-settings=\"{&quot;background_background&quot;:&quot;classic&quot;}\">\n\t\t\t\t<div class=\"elementor-element elementor-element-cee4c97 elementor-widget elementor-widget-heading\" data-id=\"cee4c97\" data-element_type=\"widget\" data-widget_type=\"heading.default\">\n\t\t\t\t<div class=\"elementor-widget-container\">\n\t\t\t\t\t<h2 class=\"elementor-heading-title elementor-size-default\">GDZIE PRACUJEMY?<\/h2>\t\t\t\t<\/div>\n\t\t\t\t<\/div>\n\t\t\t\t<div class=\"elementor-element elementor-element-9304684 elementor-widget elementor-widget-heading\" data-id=\"9304684\" data-element_type=\"widget\" data-widget_type=\"heading.default\">\n\t\t\t\t<div class=\"elementor-widget-container\">\n\t\t\t\t\t<h2 class=\"elementor-heading-title elementor-size-default\">Obszary dzia\u0142ania<\/h2>\t\t\t\t<\/div>\n\t\t\t\t<\/div>\n\t\t\t\t<\/div>\n\t\t<div class=\"elementor-element elementor-element-6351f71 e-con-full e-flex e-con e-parent\" data-id=\"6351f71\" data-element_type=\"container\" data-settings=\"{&quot;background_background&quot;:&quot;classic&quot;}\">\n\t\t<div class=\"elementor-element elementor-element-7ca2376 e-con-full e-flex e-con e-child\" data-id=\"7ca2376\" data-element_type=\"container\">\n\t\t\t\t<div class=\"elementor-element elementor-element-93e6251 elementor-widget elementor-widget-image\" data-id=\"93e6251\" data-element_type=\"widget\" data-widget_type=\"image.default\">\n\t\t\t\t<div class=\"elementor-widget-container\">\n\t\t\t\t\t\t\t\t\t\t\t\t\t\t\t<img fetchpriority=\"high\" decoding=\"async\" width=\"388\" height=\"460\" src=\"https:\/\/techno-bud.com\/wp-content\/uploads\/2025\/05\/1.png\" class=\"attachment-large size-large wp-image-21\" alt=\"\" srcset=\"https:\/\/techno-bud.com\/wp-content\/uploads\/2025\/05\/1.png 388w, https:\/\/techno-bud.com\/wp-content\/uploads\/2025\/05\/1-253x300.png 253w\" sizes=\"(max-width: 388px) 100vw, 388px\" \/>\t\t\t\t\t\t\t\t\t\t\t\t\t\t\t<\/div>\n\t\t\t\t<\/div>\n\t\t\t\t<\/div>\n\t\t<div class=\"elementor-element elementor-element-fb8eaa2 e-con-full e-flex e-con e-child\" data-id=\"fb8eaa2\" data-element_type=\"container\">\n\t\t\t\t<div class=\"elementor-element elementor-element-9b4f05e elementor-widget elementor-widget-image\" data-id=\"9b4f05e\" data-element_type=\"widget\" data-widget_type=\"image.default\">\n\t\t\t\t<div class=\"elementor-widget-container\">\n\t\t\t\t\t\t\t\t\t\t\t\t\t\t\t<img decoding=\"async\" width=\"388\" height=\"460\" src=\"https:\/\/techno-bud.com\/wp-content\/uploads\/2025\/05\/2.png\" class=\"attachment-large size-large wp-image-22\" alt=\"\" srcset=\"https:\/\/techno-bud.com\/wp-content\/uploads\/2025\/05\/2.png 388w, https:\/\/techno-bud.com\/wp-content\/uploads\/2025\/05\/2-253x300.png 253w\" sizes=\"(max-width: 388px) 100vw, 388px\" \/>\t\t\t\t\t\t\t\t\t\t\t\t\t\t\t<\/div>\n\t\t\t\t<\/div>\n\t\t\t\t<\/div>\n\t\t<div class=\"elementor-element elementor-element-405c6c4 e-con-full e-flex e-con e-child\" data-id=\"405c6c4\" data-element_type=\"container\">\n\t\t\t\t<div class=\"elementor-element elementor-element-569a8b1 elementor-widget elementor-widget-image\" data-id=\"569a8b1\" data-element_type=\"widget\" data-widget_type=\"image.default\">\n\t\t\t\t<div class=\"elementor-widget-container\">\n\t\t\t\t\t\t\t\t\t\t\t\t\t\t\t<img decoding=\"async\" width=\"388\" height=\"460\" src=\"https:\/\/techno-bud.com\/wp-content\/uploads\/2025\/05\/3-1.png\" class=\"attachment-large size-large wp-image-162\" alt=\"\" srcset=\"https:\/\/techno-bud.com\/wp-content\/uploads\/2025\/05\/3-1.png 388w, https:\/\/techno-bud.com\/wp-content\/uploads\/2025\/05\/3-1-253x300.png 253w\" sizes=\"(max-width: 388px) 100vw, 388px\" \/>\t\t\t\t\t\t\t\t\t\t\t\t\t\t\t<\/div>\n\t\t\t\t<\/div>\n\t\t\t\t<\/div>\n\t\t<div class=\"elementor-element elementor-element-58858a9 e-con-full e-flex e-con e-child\" data-id=\"58858a9\" data-element_type=\"container\">\n\t\t\t\t<div class=\"elementor-element elementor-element-e4f579d elementor-widget elementor-widget-image\" data-id=\"e4f579d\" data-element_type=\"widget\" data-widget_type=\"image.default\">\n\t\t\t\t<div class=\"elementor-widget-container\">\n\t\t\t\t\t\t\t\t\t\t\t\t\t\t\t<img loading=\"lazy\" decoding=\"async\" width=\"388\" height=\"460\" src=\"https:\/\/techno-bud.com\/wp-content\/uploads\/2025\/05\/4-1.png\" class=\"attachment-large size-large wp-image-191\" alt=\"\" srcset=\"https:\/\/techno-bud.com\/wp-content\/uploads\/2025\/05\/4-1.png 388w, https:\/\/techno-bud.com\/wp-content\/uploads\/2025\/05\/4-1-253x300.png 253w\" sizes=\"(max-width: 388px) 100vw, 388px\" \/>\t\t\t\t\t\t\t\t\t\t\t\t\t\t\t<\/div>\n\t\t\t\t<\/div>\n\t\t\t\t<\/div>\n\t\t\t\t<\/div>\n\t\t\t\t<\/div>\n\t\t","protected":false},"excerpt":{"rendered":"<p>POZNAJ NAS Czym si\u0119 zajmujemy? Techno-Bud Sp. z o.o. specjalizuje si\u0119 w realizacji linii elektroenergetycznych, telekomunikacyjnych oraz w wykonawstwie technikami bezwykopowymi pod r\u00f3\u017cne media, w tym: teletechnik\u0119 energetyk\u0119 gazownictwo kanalizacj\u0119 wodoci\u0105gi Dzia\u0142amy na rynku polskim od 2011 roku. Od tego czasu zrealizowali\u015bmy: ponad 500 km przewiert\u00f3w horyzontalnych (HDD) oko\u0142o 80 km linii energetycznych \u015bredniego napi\u0119cia [&hellip;]<\/p>\n","protected":false},"author":1,"featured_media":0,"parent":0,"menu_order":0,"comment_status":"closed","ping_status":"closed","template":"","meta":{"footnotes":""},"class_list":["post-59","page","type-page","status-publish","hentry"],"_links":{"self":[{"href":"https:\/\/techno-bud.com\/index.php?rest_route=\/wp\/v2\/pages\/59","targetHints":{"allow":["GET"]}}],"collection":[{"href":"https:\/\/techno-bud.com\/index.php?rest_route=\/wp\/v2\/pages"}],"about":[{"href":"https:\/\/techno-bud.com\/index.php?rest_route=\/wp\/v2\/types\/page"}],"author":[{"embeddable":true,"href":"https:\/\/techno-bud.com\/index.php?rest_route=\/wp\/v2\/users\/1"}],"replies":[{"embeddable":true,"href":"https:\/\/techno-bud.com\/index.php?rest_route=%2Fwp%2Fv2%2Fcomments&post=59"}],"version-history":[{"count":22,"href":"https:\/\/techno-bud.com\/index.php?rest_route=\/wp\/v2\/pages\/59\/revisions"}],"predecessor-version":[{"id":264,"href":"https:\/\/techno-bud.com\/index.php?rest_route=\/wp\/v2\/pages\/59\/revisions\/264"}],"wp:attachment":[{"href":"https:\/\/techno-bud.com\/index.php?rest_route=%2Fwp%2Fv2%2Fmedia&parent=59"}],"curies":[{"name":"wp","href":"https:\/\/api.w.org\/{rel}","templated":true}]}}